{"id":867,"date":"2022-02-12T20:28:20","date_gmt":"2022-02-12T19:28:20","guid":{"rendered":"https:\/\/marcel.de\/?page_id=867"},"modified":"2026-04-03T19:58:31","modified_gmt":"2026-04-03T17:58:31","slug":"tische","status":"publish","type":"page","link":"https:\/\/marcel.de\/en\/tische\/","title":{"rendered":"Tables"},"content":{"rendered":"\t\t<div data-elementor-type=\"wp-page\" data-elementor-id=\"867\" class=\"elementor elementor-867\" data-elementor-post-type=\"page\">\n\t\t\t\t\t\t<section data-dce-background-color=\"#F9F7F5\" data-dce-background-overlay-color=\"#FFFFFF\" data-dce-background-image-url=\"https:\/\/marcel.de\/wp-content\/uploads\/2022\/08\/marcel-design-header-single-page.jpg\" class=\"elementor-section elementor-top-section elementor-element elementor-element-17204ba elementor-section-height-min-height elementor-section-boxed elementor-section-height-default elementor-section-items-middle\" data-id=\"17204ba\" data-element_type=\"section\" data-e-type=\"section\" data-settings=\"{&quot;background_background&quot;:&quot;classic&quot;,&quot;background_motion_fx_motion_fx_scrolling&quot;:&quot;yes&quot;,&quot;background_motion_fx_translateY_effect&quot;:&quot;yes&quot;,&quot;background_motion_fx_translateY_direction&quot;:&quot;negative&quot;,&quot;background_motion_fx_translateY_speed&quot;:{&quot;unit&quot;:&quot;px&quot;,&quot;size&quot;:8,&quot;sizes&quot;:[]},&quot;background_motion_fx_range&quot;:&quot;page&quot;,&quot;background_motion_fx_translateY_affectedRange&quot;:{&quot;unit&quot;:&quot;%&quot;,&quot;size&quot;:&quot;&quot;,&quot;sizes&quot;:{&quot;start&quot;:0,&quot;end&quot;:100}},&quot;background_motion_fx_devices&quot;:[&quot;widescreen&quot;,&quot;desktop&quot;,&quot;laptop&quot;,&quot;tablet_extra&quot;,&quot;tablet&quot;,&quot;mobile_extra&quot;,&quot;mobile&quot;]}\">\n\t\t\t\t\t\t\t<div class=\"elementor-background-overlay\"><\/div>\n\t\t\t\t\t\t\t<div class=\"elementor-container elementor-column-gap-wider\">\n\t\t\t\t\t<div class=\"elementor-column elementor-col-100 elementor-top-column elementor-element elementor-element-14961ae\" data-id=\"14961ae\" data-element_type=\"column\" data-e-type=\"column\">\n\t\t\t<div class=\"elementor-widget-wrap elementor-element-populated\">\n\t\t\t\t\t\t\t<\/div>\n\t\t<\/div>\n\t\t\t\t\t<\/div>\n\t\t<\/section>\n\t\t\t\t<section class=\"elementor-section elementor-top-section elementor-element elementor-element-c64a5d7 elementor-reverse-tablet elementor-section-boxed elementor-section-height-default elementor-section-height-default\" data-id=\"c64a5d7\" data-element_type=\"section\" data-e-type=\"section\">\n\t\t\t\t\t\t<div class=\"elementor-container elementor-column-gap-no\">\n\t\t\t\t\t<div class=\"elementor-column elementor-col-100 elementor-top-column elementor-element elementor-element-6419b6c\" data-id=\"6419b6c\" data-element_type=\"column\" data-e-type=\"column\">\n\t\t\t<div class=\"elementor-widget-wrap elementor-element-populated\">\n\t\t\t\t\t\t<section class=\"elementor-section elementor-inner-section elementor-element elementor-element-dc3172f elementor-reverse-tablet elementor-section-boxed elementor-section-height-default elementor-section-height-default\" data-id=\"dc3172f\" data-element_type=\"section\" data-e-type=\"section\">\n\t\t\t\t\t\t<div class=\"elementor-container elementor-column-gap-wider\">\n\t\t\t\t\t<div class=\"elementor-column elementor-col-33 elementor-inner-column elementor-element elementor-element-08fae10\" data-id=\"08fae10\" data-element_type=\"column\" data-e-type=\"column\">\n\t\t\t<div class=\"elementor-widget-wrap elementor-element-populated\">\n\t\t\t\t\t\t<div class=\"elementor-element elementor-element-52eb77e premium-flip-style-fade elementor-widget elementor-widget-premium-addon-flip-box\" data-id=\"52eb77e\" data-element_type=\"widget\" data-e-type=\"widget\" data-widget_type=\"premium-addon-flip-box.default\">\n\t\t\t\t\t\r\n\t<div class=\"premium-flip-main-box\">\r\n\t\t<div class=\"premium-flip-front premium-flip-front\">\r\n\t\t\t<div class=\"premium-flip-front-overlay\">\r\n\t\t\t\t<div class=\"premium-flip-front-content-container\">\r\n\t\t\t\t\t<div class=\"premium-flip-text-wrapper\">\r\n\t\t\t\t\t\t\t\t\t\t\t\t\t\t\t\t\t\t\t\r\n\t\t\t\t\t\t\t\t\t\t\t\t\t<h2 class=\"premium-flip-front-title\">\r\n\t\t\t\t\t\t\t\tNOBLESS\t\t\t\t\t\t\t<\/h2>\r\n\t\t\t\t\t\t\r\n\t\t\t\t\t\t\t\t\t\t\t<\/div>\r\n\t\t\t\t<\/div>\r\n\t\t\t<\/div>\r\n\t\t<\/div>\r\n\r\n\t\t<div class=\"premium-flip-back premium-flip-back\">\r\n\t\t\t<div class=\"premium-flip-back-overlay\">\r\n\t\t\t\t<div class=\"premium-flip-back-content-container\">\r\n\t\t\t\t\t\t\t\t\t\t\t<a href=\"\/couchtische\/nobless\/\" class=\"premium-flip-box-full-link\" aria-label=\"NOBLESS\"><\/a>\r\n\t\t\t\t\t\r\n\t\t\t\t\t<div class=\"premium-flip-back-text-wrapper\">\r\n\r\n\t\t\t\t\t\t\t\t\t\t\t\t\t\t\t\t\t\t\t\r\n\t\t\t\t\t\t\t\t\t\t\t\t\t<h2 class=\"premium-flip-back-title\">\r\n\t\t\t\t\t\t\t\tNOBLESS\t\t\t\t\t\t\t<\/h2>\r\n\t\t\t\t\t\t\r\n\t\t\t\t\t\t\r\n\t\t\t\t\t\t\t\t\t\t\t<\/div>\r\n\t\t\t\t<\/div>\r\n\t\t\t<\/div>\r\n\t\t<\/div>\r\n\t<\/div>\r\n\r\n\t\t\t\t\t\t<\/div>\n\t\t\t\t\t<\/div>\n\t\t<\/div>\n\t\t\t\t<div class=\"elementor-column elementor-col-33 elementor-inner-column elementor-element elementor-element-7d33458\" data-id=\"7d33458\" data-element_type=\"column\" data-e-type=\"column\">\n\t\t\t<div class=\"elementor-widget-wrap elementor-element-populated\">\n\t\t\t\t\t\t<div class=\"elementor-element elementor-element-ae3b482 premium-flip-style-fade elementor-widget elementor-widget-premium-addon-flip-box\" data-id=\"ae3b482\" data-element_type=\"widget\" data-e-type=\"widget\" data-widget_type=\"premium-addon-flip-box.default\">\n\t\t\t\t\t\r\n\t<div class=\"premium-flip-main-box\">\r\n\t\t<div class=\"premium-flip-front premium-flip-front\">\r\n\t\t\t<div class=\"premium-flip-front-overlay\">\r\n\t\t\t\t<div class=\"premium-flip-front-content-container\">\r\n\t\t\t\t\t<div class=\"premium-flip-text-wrapper\">\r\n\t\t\t\t\t\t\t\t\t\t\t\t\t\t\t\t\t\t\t\r\n\t\t\t\t\t\t\t\t\t\t\t\t\t<h2 class=\"premium-flip-front-title\">\r\n\t\t\t\t\t\t\t\tMESA\t\t\t\t\t\t\t<\/h2>\r\n\t\t\t\t\t\t\r\n\t\t\t\t\t\t\t\t\t\t\t<\/div>\r\n\t\t\t\t<\/div>\r\n\t\t\t<\/div>\r\n\t\t<\/div>\r\n\r\n\t\t<div class=\"premium-flip-back premium-flip-back\">\r\n\t\t\t<div class=\"premium-flip-back-overlay\">\r\n\t\t\t\t<div class=\"premium-flip-back-content-container\">\r\n\t\t\t\t\t\t\t\t\t\t\t<a href=\"\/couchtische\/mesa\/\" class=\"premium-flip-box-full-link\" aria-label=\"MESA\"><\/a>\r\n\t\t\t\t\t\r\n\t\t\t\t\t<div class=\"premium-flip-back-text-wrapper\">\r\n\r\n\t\t\t\t\t\t\t\t\t\t\t\t\t\t\t\t\t\t\t\r\n\t\t\t\t\t\t\t\t\t\t\t\t\t<h2 class=\"premium-flip-back-title\">\r\n\t\t\t\t\t\t\t\tMESA\t\t\t\t\t\t\t<\/h2>\r\n\t\t\t\t\t\t\r\n\t\t\t\t\t\t\r\n\t\t\t\t\t\t\t\t\t\t\t<\/div>\r\n\t\t\t\t<\/div>\r\n\t\t\t<\/div>\r\n\t\t<\/div>\r\n\t<\/div>\r\n\r\n\t\t\t\t\t\t<\/div>\n\t\t\t\t\t<\/div>\n\t\t<\/div>\n\t\t\t\t<div class=\"elementor-column elementor-col-33 elementor-inner-column elementor-element elementor-element-b58eaad\" data-id=\"b58eaad\" data-element_type=\"column\" data-e-type=\"column\">\n\t\t\t<div class=\"elementor-widget-wrap elementor-element-populated\">\n\t\t\t\t\t\t<div class=\"elementor-element elementor-element-8d92ccd premium-flip-style-fade elementor-widget elementor-widget-premium-addon-flip-box\" data-id=\"8d92ccd\" data-element_type=\"widget\" data-e-type=\"widget\" data-widget_type=\"premium-addon-flip-box.default\">\n\t\t\t\t\t\r\n\t<div class=\"premium-flip-main-box\">\r\n\t\t<div class=\"premium-flip-front premium-flip-front\">\r\n\t\t\t<div class=\"premium-flip-front-overlay\">\r\n\t\t\t\t<div class=\"premium-flip-front-content-container\">\r\n\t\t\t\t\t<div class=\"premium-flip-text-wrapper\">\r\n\t\t\t\t\t\t\t\t\t\t\t\t\t\t\t\t\t\t\t\r\n\t\t\t\t\t\t\t\t\t\t\t\t\t<h2 class=\"premium-flip-front-title\">\r\n\t\t\t\t\t\t\t\tOPUS\t\t\t\t\t\t\t<\/h2>\r\n\t\t\t\t\t\t\r\n\t\t\t\t\t\t\t\t\t\t\t<\/div>\r\n\t\t\t\t<\/div>\r\n\t\t\t<\/div>\r\n\t\t<\/div>\r\n\r\n\t\t<div class=\"premium-flip-back premium-flip-back\">\r\n\t\t\t<div class=\"premium-flip-back-overlay\">\r\n\t\t\t\t<div class=\"premium-flip-back-content-container\">\r\n\t\t\t\t\t\t\t\t\t\t\t<a href=\"\/couchtische\/opus\/\" class=\"premium-flip-box-full-link\" aria-label=\"OPUS\"><\/a>\r\n\t\t\t\t\t\r\n\t\t\t\t\t<div class=\"premium-flip-back-text-wrapper\">\r\n\r\n\t\t\t\t\t\t\t\t\t\t\t\t\t\t\t\t\t\t\t\r\n\t\t\t\t\t\t\t\t\t\t\t\t\t<h2 class=\"premium-flip-back-title\">\r\n\t\t\t\t\t\t\t\tOPUS\t\t\t\t\t\t\t<\/h2>\r\n\t\t\t\t\t\t\r\n\t\t\t\t\t\t\r\n\t\t\t\t\t\t\t\t\t\t\t<\/div>\r\n\t\t\t\t<\/div>\r\n\t\t\t<\/div>\r\n\t\t<\/div>\r\n\t<\/div>\r\n\r\n\t\t\t\t\t\t<\/div>\n\t\t\t\t\t<\/div>\n\t\t<\/div>\n\t\t\t\t\t<\/div>\n\t\t<\/section>\n\t\t\t\t<section class=\"elementor-section elementor-inner-section elementor-element elementor-element-95e2c94 elementor-reverse-tablet elementor-section-boxed elementor-section-height-default elementor-section-height-default\" data-id=\"95e2c94\" data-element_type=\"section\" data-e-type=\"section\">\n\t\t\t\t\t\t<div class=\"elementor-container elementor-column-gap-wider\">\n\t\t\t\t\t<div class=\"elementor-column elementor-col-33 elementor-inner-column elementor-element elementor-element-05804d4\" data-id=\"05804d4\" data-element_type=\"column\" data-e-type=\"column\">\n\t\t\t<div class=\"elementor-widget-wrap elementor-element-populated\">\n\t\t\t\t\t\t<div class=\"elementor-element elementor-element-1275770 premium-flip-style-fade elementor-widget elementor-widget-premium-addon-flip-box\" data-id=\"1275770\" data-element_type=\"widget\" data-e-type=\"widget\" data-widget_type=\"premium-addon-flip-box.default\">\n\t\t\t\t\t\r\n\t<div class=\"premium-flip-main-box\">\r\n\t\t<div class=\"premium-flip-front premium-flip-front\">\r\n\t\t\t<div class=\"premium-flip-front-overlay\">\r\n\t\t\t\t<div class=\"premium-flip-front-content-container\">\r\n\t\t\t\t\t<div class=\"premium-flip-text-wrapper\">\r\n\t\t\t\t\t\t\t\t\t\t\t\t\t\t\t\t\t\t\t\r\n\t\t\t\t\t\t\t\t\t\t\t\t\t<h2 class=\"premium-flip-front-title\">\r\n\t\t\t\t\t\t\t\tOPUS Schreibtisch\t\t\t\t\t\t\t<\/h2>\r\n\t\t\t\t\t\t\r\n\t\t\t\t\t\t\t\t\t\t\t<\/div>\r\n\t\t\t\t<\/div>\r\n\t\t\t<\/div>\r\n\t\t<\/div>\r\n\r\n\t\t<div class=\"premium-flip-back premium-flip-back\">\r\n\t\t\t<div class=\"premium-flip-back-overlay\">\r\n\t\t\t\t<div class=\"premium-flip-back-content-container\">\r\n\t\t\t\t\t\t\t\t\t\t\t<a href=\"\/tische\/opus-schreibtisch\/\" class=\"premium-flip-box-full-link\" aria-label=\"OPUS Schreibtisch\"><\/a>\r\n\t\t\t\t\t\r\n\t\t\t\t\t<div class=\"premium-flip-back-text-wrapper\">\r\n\r\n\t\t\t\t\t\t\t\t\t\t\t\t\t\t\t\t\t\t\t\r\n\t\t\t\t\t\t\t\t\t\t\t\t\t<h2 class=\"premium-flip-back-title\">\r\n\t\t\t\t\t\t\t\tOPUS Schreibtisch\t\t\t\t\t\t\t<\/h2>\r\n\t\t\t\t\t\t\r\n\t\t\t\t\t\t\r\n\t\t\t\t\t\t\t\t\t\t\t<\/div>\r\n\t\t\t\t<\/div>\r\n\t\t\t<\/div>\r\n\t\t<\/div>\r\n\t<\/div>\r\n\r\n\t\t\t\t\t\t<\/div>\n\t\t\t\t\t<\/div>\n\t\t<\/div>\n\t\t\t\t<div class=\"elementor-column elementor-col-33 elementor-inner-column elementor-element elementor-element-401e1a7\" data-id=\"401e1a7\" data-element_type=\"column\" data-e-type=\"column\">\n\t\t\t<div class=\"elementor-widget-wrap elementor-element-populated\">\n\t\t\t\t\t\t<div class=\"elementor-element elementor-element-d80a007 premium-flip-style-fade elementor-widget elementor-widget-premium-addon-flip-box\" data-id=\"d80a007\" data-element_type=\"widget\" data-e-type=\"widget\" data-widget_type=\"premium-addon-flip-box.default\">\n\t\t\t\t\t\r\n\t<div class=\"premium-flip-main-box\">\r\n\t\t<div class=\"premium-flip-front premium-flip-front\">\r\n\t\t\t<div class=\"premium-flip-front-overlay\">\r\n\t\t\t\t<div class=\"premium-flip-front-content-container\">\r\n\t\t\t\t\t<div class=\"premium-flip-text-wrapper\">\r\n\t\t\t\t\t\t\t\t\t\t\t\t\t\t\t\t\t\t\t\r\n\t\t\t\t\t\t\t\t\t\t\t\t\t<h2 class=\"premium-flip-front-title\">\r\n\t\t\t\t\t\t\t\tSIGNUM\t\t\t\t\t\t\t<\/h2>\r\n\t\t\t\t\t\t\r\n\t\t\t\t\t\t\t\t\t\t\t<\/div>\r\n\t\t\t\t<\/div>\r\n\t\t\t<\/div>\r\n\t\t<\/div>\r\n\r\n\t\t<div class=\"premium-flip-back premium-flip-back\">\r\n\t\t\t<div class=\"premium-flip-back-overlay\">\r\n\t\t\t\t<div class=\"premium-flip-back-content-container\">\r\n\t\t\t\t\t\t\t\t\t\t\t<a href=\"\/couchtische\/signum\/\" class=\"premium-flip-box-full-link\" aria-label=\"SIGNUM\"><\/a>\r\n\t\t\t\t\t\r\n\t\t\t\t\t<div class=\"premium-flip-back-text-wrapper\">\r\n\r\n\t\t\t\t\t\t\t\t\t\t\t\t\t\t\t\t\t\t\t\r\n\t\t\t\t\t\t\t\t\t\t\t\t\t<h2 class=\"premium-flip-back-title\">\r\n\t\t\t\t\t\t\t\tSIGNUM\t\t\t\t\t\t\t<\/h2>\r\n\t\t\t\t\t\t\r\n\t\t\t\t\t\t\r\n\t\t\t\t\t\t\t\t\t\t\t<\/div>\r\n\t\t\t\t<\/div>\r\n\t\t\t<\/div>\r\n\t\t<\/div>\r\n\t<\/div>\r\n\r\n\t\t\t\t\t\t<\/div>\n\t\t\t\t\t<\/div>\n\t\t<\/div>\n\t\t\t\t<div class=\"elementor-column elementor-col-33 elementor-inner-column elementor-element elementor-element-53c7fe8\" data-id=\"53c7fe8\" data-element_type=\"column\" data-e-type=\"column\">\n\t\t\t<div class=\"elementor-widget-wrap elementor-element-populated\">\n\t\t\t\t\t\t<div class=\"elementor-element elementor-element-3279f2e premium-flip-style-fade elementor-widget elementor-widget-premium-addon-flip-box\" data-id=\"3279f2e\" data-element_type=\"widget\" data-e-type=\"widget\" data-widget_type=\"premium-addon-flip-box.default\">\n\t\t\t\t\t\r\n\t<div class=\"premium-flip-main-box\">\r\n\t\t<div class=\"premium-flip-front premium-flip-front\">\r\n\t\t\t<div class=\"premium-flip-front-overlay\">\r\n\t\t\t\t<div class=\"premium-flip-front-content-container\">\r\n\t\t\t\t\t<div class=\"premium-flip-text-wrapper\">\r\n\t\t\t\t\t\t\t\t\t\t\t\t\t\t\t\t\t\t\t\r\n\t\t\t\t\t\t\t\t\t\t\t\t\t<h2 class=\"premium-flip-front-title\">\r\n\t\t\t\t\t\t\t\tCUBE\t\t\t\t\t\t\t<\/h2>\r\n\t\t\t\t\t\t\r\n\t\t\t\t\t\t\t\t\t\t\t<\/div>\r\n\t\t\t\t<\/div>\r\n\t\t\t<\/div>\r\n\t\t<\/div>\r\n\r\n\t\t<div class=\"premium-flip-back premium-flip-back\">\r\n\t\t\t<div class=\"premium-flip-back-overlay\">\r\n\t\t\t\t<div class=\"premium-flip-back-content-container\">\r\n\t\t\t\t\t\t\t\t\t\t\t<a href=\"\/couchtische\/cube\/\" class=\"premium-flip-box-full-link\" aria-label=\"CUBE\"><\/a>\r\n\t\t\t\t\t\r\n\t\t\t\t\t<div class=\"premium-flip-back-text-wrapper\">\r\n\r\n\t\t\t\t\t\t\t\t\t\t\t\t\t\t\t\t\t\t\t\r\n\t\t\t\t\t\t\t\t\t\t\t\t\t<h2 class=\"premium-flip-back-title\">\r\n\t\t\t\t\t\t\t\tCUBE\t\t\t\t\t\t\t<\/h2>\r\n\t\t\t\t\t\t\r\n\t\t\t\t\t\t\r\n\t\t\t\t\t\t\t\t\t\t\t<\/div>\r\n\t\t\t\t<\/div>\r\n\t\t\t<\/div>\r\n\t\t<\/div>\r\n\t<\/div>\r\n\r\n\t\t\t\t\t\t<\/div>\n\t\t\t\t\t<\/div>\n\t\t<\/div>\n\t\t\t\t\t<\/div>\n\t\t<\/section>\n\t\t\t\t<section class=\"elementor-section elementor-inner-section elementor-element elementor-element-66e4cea elementor-reverse-tablet elementor-section-boxed elementor-section-height-default elementor-section-height-default\" data-id=\"66e4cea\" data-element_type=\"section\" data-e-type=\"section\">\n\t\t\t\t\t\t<div class=\"elementor-container elementor-column-gap-wider\">\n\t\t\t\t\t<div class=\"elementor-column elementor-col-50 elementor-inner-column elementor-element elementor-element-97e06a4\" data-id=\"97e06a4\" data-element_type=\"column\" data-e-type=\"column\">\n\t\t\t<div class=\"elementor-widget-wrap elementor-element-populated\">\n\t\t\t\t\t\t<div class=\"elementor-element elementor-element-1efa0ea premium-flip-style-fade elementor-widget elementor-widget-premium-addon-flip-box\" data-id=\"1efa0ea\" data-element_type=\"widget\" data-e-type=\"widget\" data-widget_type=\"premium-addon-flip-box.default\">\n\t\t\t\t\t\r\n\t<div class=\"premium-flip-main-box\">\r\n\t\t<div class=\"premium-flip-front premium-flip-front\">\r\n\t\t\t<div class=\"premium-flip-front-overlay\">\r\n\t\t\t\t<div class=\"premium-flip-front-content-container\">\r\n\t\t\t\t\t<div class=\"premium-flip-text-wrapper\">\r\n\t\t\t\t\t\t\t\t\t\t\t\t\t\t\t\t\t\t\t\r\n\t\t\t\t\t\t\t\t\t\t\t\t\t<h2 class=\"premium-flip-front-title\">\r\n\t\t\t\t\t\t\t\tSTATUS\t\t\t\t\t\t\t<\/h2>\r\n\t\t\t\t\t\t\r\n\t\t\t\t\t\t\t\t\t\t\t<\/div>\r\n\t\t\t\t<\/div>\r\n\t\t\t<\/div>\r\n\t\t<\/div>\r\n\r\n\t\t<div class=\"premium-flip-back premium-flip-back\">\r\n\t\t\t<div class=\"premium-flip-back-overlay\">\r\n\t\t\t\t<div class=\"premium-flip-back-content-container\">\r\n\t\t\t\t\t\t\t\t\t\t\t<a href=\"\/couchtische\/status\/\" class=\"premium-flip-box-full-link\" aria-label=\"STATUS\"><\/a>\r\n\t\t\t\t\t\r\n\t\t\t\t\t<div class=\"premium-flip-back-text-wrapper\">\r\n\r\n\t\t\t\t\t\t\t\t\t\t\t\t\t\t\t\t\t\t\t\r\n\t\t\t\t\t\t\t\t\t\t\t\t\t<h2 class=\"premium-flip-back-title\">\r\n\t\t\t\t\t\t\t\tSTATUS\t\t\t\t\t\t\t<\/h2>\r\n\t\t\t\t\t\t\r\n\t\t\t\t\t\t\r\n\t\t\t\t\t\t\t\t\t\t\t<\/div>\r\n\t\t\t\t<\/div>\r\n\t\t\t<\/div>\r\n\t\t<\/div>\r\n\t<\/div>\r\n\r\n\t\t\t\t\t\t<\/div>\n\t\t\t\t\t<\/div>\n\t\t<\/div>\n\t\t\t\t<div data-dce-background-color=\"#F9F7F5\" class=\"elementor-column elementor-col-50 elementor-inner-column elementor-element elementor-element-f67a5a5\" data-id=\"f67a5a5\" data-element_type=\"column\" data-e-type=\"column\" data-settings=\"{&quot;background_background&quot;:&quot;classic&quot;}\">\n\t\t\t<div class=\"elementor-widget-wrap elementor-element-populated\">\n\t\t\t\t\t\t<div class=\"elementor-element elementor-element-919744e elementor-view-stacked elementor-position-block-start elementor-shape-circle elementor-mobile-position-block-start elementor-widget elementor-widget-icon-box\" data-id=\"919744e\" data-element_type=\"widget\" data-e-type=\"widget\" data-widget_type=\"icon-box.default\">\n\t\t\t\t\t\t\t<div class=\"elementor-icon-box-wrapper\">\n\n\t\t\t\t\t\t<div class=\"elementor-icon-box-icon\">\n\t\t\t\t<a href=\"\/kontakt\/\" class=\"elementor-icon elementor-animation-float\" tabindex=\"-1\" aria-label=\"Schreiben Sie uns\">\n\t\t\t\t<svg aria-hidden=\"true\" class=\"e-font-icon-svg e-far-envelope\" viewBox=\"0 0 512 512\" xmlns=\"http:\/\/www.w3.org\/2000\/svg\"><path d=\"M464 64H48C21.49 64 0 85.49 0 112v288c0 26.51 21.49 48 48 48h416c26.51 0 48-21.49 48-48V112c0-26.51-21.49-48-48-48zm0 48v40.805c-22.422 18.259-58.168 46.651-134.587 106.49-16.841 13.247-50.201 45.072-73.413 44.701-23.208.375-56.579-31.459-73.413-44.701C106.18 199.465 70.425 171.067 48 152.805V112h416zM48 400V214.398c22.914 18.251 55.409 43.862 104.938 82.646 21.857 17.205 60.134 55.186 103.062 54.955 42.717.231 80.509-37.199 103.053-54.947 49.528-38.783 82.032-64.401 104.947-82.653V400H48z\"><\/path><\/svg>\t\t\t\t<\/a>\n\t\t\t<\/div>\n\t\t\t\n\t\t\t\t\t\t<div class=\"elementor-icon-box-content\">\n\n\t\t\t\t\t\t\t\t\t<h3 class=\"elementor-icon-box-title\">\n\t\t\t\t\t\t<a href=\"\/kontakt\/\" >\n\t\t\t\t\t\t\tSchreiben Sie uns\t\t\t\t\t\t<\/a>\n\t\t\t\t\t<\/h3>\n\t\t\t\t\n\t\t\t\t\t\t\t\t\t<p class=\"elementor-icon-box-description\">\n\t\t\t\t\t\tSind Sie auf der Suche nach Informationen, Daten und Bildmaterial zu Produkten? Sind Sie interessiert an Kooperationen? Melden Sie sich gerne bei uns.\t\t\t\t\t<\/p>\n\t\t\t\t\n\t\t\t<\/div>\n\t\t\t\n\t\t<\/div>\n\t\t\t\t\t\t<\/div>\n\t\t\t\t\t<\/div>\n\t\t<\/div>\n\t\t\t\t\t<\/div>\n\t\t<\/section>\n\t\t\t\t\t<\/div>\n\t\t<\/div>\n\t\t\t\t\t<\/div>\n\t\t<\/section>\n\t\t\t\t<section class=\"elementor-section elementor-top-section elementor-element elementor-element-6b8eb15 elementor-section-full_width elementor-section-height-default elementor-section-height-default\" data-id=\"6b8eb15\" data-element_type=\"section\" data-e-type=\"section\" data-settings=\"{&quot;background_background&quot;:&quot;classic&quot;}\">\n\t\t\t\t\t\t<div class=\"elementor-container elementor-column-gap-no\">\n\t\t\t\t\t<div data-dce-background-image-url=\"https:\/\/marcel.de\/wp-content\/uploads\/2022\/02\/4E2FA76E-E55F-4A57-8B4D-AFB96FF7A2D8.jpeg\" class=\"elementor-column elementor-col-50 elementor-top-column elementor-element elementor-element-58580867\" data-id=\"58580867\" data-element_type=\"column\" data-e-type=\"column\" data-settings=\"{&quot;background_background&quot;:&quot;classic&quot;}\">\n\t\t\t<div class=\"elementor-widget-wrap elementor-element-populated\">\n\t\t\t\t\t\t<div class=\"elementor-element elementor-element-1d6bdf6 elementor-widget elementor-widget-spacer\" data-id=\"1d6bdf6\" data-element_type=\"widget\" data-e-type=\"widget\" data-widget_type=\"spacer.default\">\n\t\t\t\t\t\t\t<div class=\"elementor-spacer\">\n\t\t\t<div class=\"elementor-spacer-inner\"><\/div>\n\t\t<\/div>\n\t\t\t\t\t\t<\/div>\n\t\t\t\t\t<\/div>\n\t\t<\/div>\n\t\t\t\t<div class=\"elementor-column elementor-col-50 elementor-top-column elementor-element elementor-element-62793bbb elementor-invisible\" data-id=\"62793bbb\" data-element_type=\"column\" data-e-type=\"column\" data-settings=\"{&quot;background_background&quot;:&quot;classic&quot;,&quot;animation&quot;:&quot;fadeInRight&quot;}\">\n\t\t\t<div class=\"elementor-widget-wrap elementor-element-populated\">\n\t\t\t\t\t\t<div class=\"elementor-element elementor-element-3491a40c elementor-widget elementor-widget-heading\" data-id=\"3491a40c\" data-element_type=\"widget\" data-e-type=\"widget\" data-widget_type=\"heading.default\">\n\t\t\t\t\t<h2 class=\"elementor-heading-title elementor-size-default\">Abonnieren Sie unseren Newsletter<\/h2>\t\t\t\t<\/div>\n\t\t\t\t<div class=\"elementor-element elementor-element-ddfb3b8 elementor-button-align-stretch elementor-invisible elementor-widget elementor-widget-form\" data-id=\"ddfb3b8\" data-element_type=\"widget\" data-e-type=\"widget\" data-settings=\"{&quot;button_width&quot;:&quot;40&quot;,&quot;step_next_label&quot;:&quot;Next&quot;,&quot;step_previous_label&quot;:&quot;Previous&quot;,&quot;_animation&quot;:&quot;fadeInRight&quot;,&quot;_animation_delay&quot;:380,&quot;dce_confirm_dialog_enabled&quot;:&quot;no&quot;,&quot;step_type&quot;:&quot;number_text&quot;,&quot;step_icon_shape&quot;:&quot;circle&quot;,&quot;label_icon_size&quot;:{&quot;unit&quot;:&quot;px&quot;,&quot;size&quot;:&quot;&quot;,&quot;sizes&quot;:[]},&quot;field_icon_size&quot;:{&quot;unit&quot;:&quot;px&quot;,&quot;size&quot;:&quot;&quot;,&quot;sizes&quot;:[]}}\" data-widget_type=\"form.default\">\n\t\t\t\t\t\t\t<form class=\"elementor-form\" method=\"post\" name=\"Subscribe\" aria-label=\"Subscribe\">\n\t\t\t<input type=\"hidden\" name=\"post_id\" value=\"867\"\/>\n\t\t\t<input type=\"hidden\" name=\"form_id\" value=\"ddfb3b8\"\/>\n\t\t\t<input type=\"hidden\" name=\"referer_title\" value=\"\" \/>\n\n\t\t\t\n\t\t\t<div class=\"elementor-form-fields-wrapper elementor-labels-\">\n\t\t\t\t\t\t\t\t<div class=\"elementor-field-type-email elementor-field-group elementor-column elementor-field-group-email elementor-col-60 elementor-field-required\">\n\t\t\t\t\t\t\t\t\t\t\t\t<label for=\"form-field-email\" class=\"elementor-field-label elementor-screen-only\">\n\t\t\t\t\t\t\t\tE-Mail\t\t\t\t\t\t\t<\/label>\n\t\t\t\t\t\t\t\t\t\t\t\t\t\t<input size=\"1\" type=\"email\" name=\"form_fields[email]\" id=\"form-field-email\" class=\"elementor-field elementor-size-md  elementor-field-textual\" placeholder=\"E-Mail-Adresse\" required=\"required\">\n\t\t\t\t\t\t\t\t\t\t\t<\/div>\n\t\t\t\t\t\t\t\t<div class=\"elementor-field-type-acceptance elementor-field-group elementor-column elementor-field-group-datenschutz elementor-col-100 elementor-field-required\">\n\t\t\t\t\t\t\t\t\t\t\t\t<label for=\"form-field-datenschutz\" class=\"elementor-field-label elementor-screen-only\">\n\t\t\t\t\t\t\t\tDatenschutz\t\t\t\t\t\t\t<\/label>\n\t\t\t\t\t\t\t\t<div class=\"elementor-field-subgroup\">\n\t\t\t<span class=\"elementor-field-option\">\n\t\t\t\t<input type=\"checkbox\" name=\"form_fields[datenschutz]\" id=\"form-field-datenschutz\" class=\"elementor-field elementor-size-md  elementor-acceptance-field\" required=\"required\">\n\t\t\t\t<label for=\"form-field-datenschutz\">Mit dem Absenden der im Formular eingegebenen Daten erkl\u00e4ren Sie sich damit einverstanden, dass wir Ihre Angaben f\u00fcr die Zwecke der Beantwortung Ihrer Anfrage \u00fcbermitteln, speichern und verarbeiten. Bitte beachten Sie unsere Hinweise zum Schutz Ihrer Daten und Ihre Widerrufm\u00f6glichkeit in unseren geltenden <a href=\"\/datenschutz\/\">Datenschutzbestimmungen<\/a>.<\/label>\t\t\t<\/span>\n\t\t<\/div>\n\t\t\t\t\t\t<\/div>\n\t\t\t\t\t\t\t\t<div class=\"elementor-field-type-text\">\n\t\t\t\t\t<input size=\"1\" type=\"text\" name=\"form_fields[titel]\" id=\"form-field-titel\" class=\"elementor-field elementor-size-md \" style=\"display:none !important;\">\t\t\t\t<\/div>\n\t\t\t\t\t\t\t\t<div class=\"elementor-field-type-text\">\n\t\t\t\t\t<input size=\"1\" type=\"text\" name=\"form_fields[beruf]\" id=\"form-field-beruf\" class=\"elementor-field elementor-size-md \" style=\"display:none !important;\">\t\t\t\t<\/div>\n\t\t\t\t\t\t\t\t<div class=\"elementor-field-group elementor-column elementor-field-type-submit elementor-col-40 e-form__buttons\">\n\t\t\t\t\t<button class=\"elementor-button elementor-size-md\" type=\"submit\">\n\t\t\t\t\t\t<span class=\"elementor-button-content-wrapper\">\n\t\t\t\t\t\t\t\t\t\t\t\t\t\t\t\t\t\t\t\t\t\t<span class=\"elementor-button-text\">Abonnieren<\/span>\n\t\t\t\t\t\t\t\t\t\t\t\t\t<\/span>\n\t\t\t\t\t<\/button>\n\t\t\t\t<\/div>\n\t\t\t<\/div>\n\t\t<\/form>\n\t\t\t\t\t\t<\/div>\n\t\t\t\t\t<\/div>\n\t\t<\/div>\n\t\t\t\t\t<\/div>\n\t\t<\/section>\n\t\t\t\t<\/div>\n\t\t","protected":false},"excerpt":{"rendered":"<p>NOBLESS NOBLESS MESA MESA OPUS OPUS OPUS Schreibtisch OPUS Schreibtisch SIGNUM SIGNUM CUBE CUBE STATUS STATUS Schreiben Sie uns Sind Sie auf der Suche nach Informationen, Daten und Bildmaterial zu Produkten? Sind Sie interessiert an Kooperationen? Melden Sie sich gerne bei uns. Abonnieren Sie unseren Newsletter<\/p>","protected":false},"author":3,"featured_media":0,"parent":0,"menu_order":0,"comment_status":"closed","ping_status":"closed","template":"","meta":{"footnotes":""},"class_list":["post-867","page","type-page","status-publish","hentry"],"_links":{"self":[{"href":"https:\/\/marcel.de\/en\/wp-json\/wp\/v2\/pages\/867","targetHints":{"allow":["GET"]}}],"collection":[{"href":"https:\/\/marcel.de\/en\/wp-json\/wp\/v2\/pages"}],"about":[{"href":"https:\/\/marcel.de\/en\/wp-json\/wp\/v2\/types\/page"}],"author":[{"embeddable":true,"href":"https:\/\/marcel.de\/en\/wp-json\/wp\/v2\/users\/3"}],"replies":[{"embeddable":true,"href":"https:\/\/marcel.de\/en\/wp-json\/wp\/v2\/comments?post=867"}],"version-history":[{"count":3,"href":"https:\/\/marcel.de\/en\/wp-json\/wp\/v2\/pages\/867\/revisions"}],"predecessor-version":[{"id":5041,"href":"https:\/\/marcel.de\/en\/wp-json\/wp\/v2\/pages\/867\/revisions\/5041"}],"wp:attachment":[{"href":"https:\/\/marcel.de\/en\/wp-json\/wp\/v2\/media?parent=867"}],"curies":[{"name":"wp","href":"https:\/\/api.w.org\/{rel}","templated":true}]}}